{"id":21,"date":"2022-02-02T11:03:46","date_gmt":"2022-02-02T11:03:46","guid":{"rendered":"https:\/\/journeyfairy.com\/?page_id=21"},"modified":"2024-11-23T11:37:36","modified_gmt":"2024-11-23T11:37:36","slug":"about-us","status":"publish","type":"page","link":"https:\/\/journeyfairy.com\/br\/about-us\/","title":{"rendered":"Sobre N\u00f3s"},"content":{"rendered":"<blockquote>\n<p style=\"text-align: center;\"><strong>Journey Fairy &#8211; Viagem, F\u00e9rias, Aventura e Fuga da Cidade de uma forma sem complica\u00e7\u00f5es.<\/strong><\/p>\n<\/blockquote>\n<p><a href=\"https:\/\/journeyfairy.com\/\"><em>Journey Fairy<\/em><\/a> visa inspir\u00e1-lo a tornar sua <strong><em>aventura de viagem<\/em><\/strong>, <em><strong>f\u00e9rias de sonho<\/strong><\/em>, <em><strong>fuga da cidade<\/strong><\/em> mais divertida e emocionante. Com nossos artigos de blog, podemos fornecer insights e sugest\u00f5es sobre onde e quando visitar um destino para evitar resultados desnecess\u00e1rios quando voc\u00ea j\u00e1 estiver l\u00e1. Onde quer que voc\u00ea v\u00e1, se voc\u00ea est\u00e1 planejando fazer uma viagem ou f\u00e9rias em qualquer lugar, voc\u00ea est\u00e1 no lugar certo. Estamos aqui para dar dicas \u00fateis de viagem e artigos de guia que podem ajud\u00e1-lo a aliviar o estresse da prepara\u00e7\u00e3o.<\/p>\n<p>O objetivo da <a href=\"https:\/\/journeyfairy.com\/\"><em><strong>Journey Fairy<\/strong><\/em><\/a> \u00e9 fazer com que as experi\u00eancias de viagem para cada indiv\u00edduo sejam eficientes, divertidas, econ\u00f4micas e repletas das melhores ideias de itiner\u00e1rios, dicas e recomenda\u00e7\u00f5es para um destino que voc\u00ea certamente adorar\u00e1 ir com voc\u00ea ou seus entes queridos. Adoramos escrever e compartilhar um guia para os interessados \u200b\u200bem explorar os belos lugares do mundo.<\/p>\n<p><a href=\"https:\/\/journeyfairy.com\/\"><em>JourneyFairy.com<\/em><\/a> simplesmente quer sua viagem sem estresse e incr\u00edvel!.<\/p>\n<p>&nbsp;<\/p>\n<p style=\"text-align: center;\">This website is managed and owned by: <strong><a href=\"https:\/\/hattradedesk.com\/\" target=\"_blank\" rel=\"noopener\">Hat SRL<\/a><br \/>\nHat Trade Desk<br \/>\n<\/strong>\u00a0Partita IVA: 02336070681 &#8211; VIA LUNGATERNO SUD 52, 65127 PESCARA PE<br \/>\n<a href=\"https:\/\/hattradedesk.com\/\" target=\"_blank\" rel=\"noopener\">hattradedesk.com<\/a><br \/>\nhattradedesk@gmail.com<\/p>\n","protected":false},"excerpt":{"rendered":"<p>Journey Fairy &#8211; Viagem, F\u00e9rias, Aventura e Fuga da Cidade de uma forma sem complica\u00e7\u00f5es. Journey Fairy visa inspir\u00e1-lo a tornar sua aventura de viagem, f\u00e9rias de sonho, fuga da&hellip;<\/p>\n","protected":false},"author":1,"featured_media":0,"parent":0,"menu_order":0,"comment_status":"closed","ping_status":"closed","template":"","meta":{"footnotes":""},"class_list":["post-21","page","type-page","status-publish"],"_links":{"self":[{"href":"https:\/\/journeyfairy.com\/br\/wp-json\/wp\/v2\/pages\/21","targetHints":{"allow":["GET"]}}],"collection":[{"href":"https:\/\/journeyfairy.com\/br\/wp-json\/wp\/v2\/pages"}],"about":[{"href":"https:\/\/journeyfairy.com\/br\/wp-json\/wp\/v2\/types\/page"}],"author":[{"embeddable":true,"href":"https:\/\/journeyfairy.com\/br\/wp-json\/wp\/v2\/users\/1"}],"replies":[{"embeddable":true,"href":"https:\/\/journeyfairy.com\/br\/wp-json\/wp\/v2\/comments?post=21"}],"version-history":[{"count":4,"href":"https:\/\/journeyfairy.com\/br\/wp-json\/wp\/v2\/pages\/21\/revisions"}],"predecessor-version":[{"id":587,"href":"https:\/\/journeyfairy.com\/br\/wp-json\/wp\/v2\/pages\/21\/revisions\/587"}],"wp:attachment":[{"href":"https:\/\/journeyfairy.com\/br\/wp-json\/wp\/v2\/media?parent=21"}],"curies":[{"name":"wp","href":"https:\/\/api.w.org\/{rel}","templated":true}]}}