{"id":21,"date":"2022-02-02T11:03:46","date_gmt":"2022-02-02T11:03:46","guid":{"rendered":"https:\/\/journeyfairy.com\/?page_id=21"},"modified":"2024-11-23T11:39:55","modified_gmt":"2024-11-23T11:39:55","slug":"about-us","status":"publish","type":"page","link":"https:\/\/journeyfairy.com\/fr\/about-us\/","title":{"rendered":"\u00c0 Propos de Nous"},"content":{"rendered":"<blockquote>\n<p style=\"text-align: center;\"><strong>Journey Fairy &#8211; Voyage, vacances, aventure et \u00e9vasion urbaine sans tracas.<\/strong><\/p>\n<\/blockquote>\n<p><a href=\"https:\/\/journeyfairy.com\/\"><strong>Journey Fairy<\/strong><\/a> vise \u00e0 vous inspirer pour rendre votre <em><strong>aventure de voyage<\/strong><\/em>, <em><strong>vos vacances de r\u00eave<\/strong><\/em>, <em><strong>votre escapade<\/strong><\/em> en ville plus amusantes et excitantes. Gr\u00e2ce \u00e0 nos articles de blog, nous pouvons vous donner des informations et des suggestions sur o\u00f9 et quand visiter une destination pour \u00e9viter des r\u00e9sultats inutiles lorsque vous y \u00eates d\u00e9j\u00e0. O\u00f9 que vous alliez, si vous pr\u00e9voyez de faire un voyage ou des vacances n&#8217;importe o\u00f9, vous \u00eates au bon endroit. Nous sommes l\u00e0 pour vous donner des conseils de voyage utiles et des articles de guide qui peuvent vous aider \u00e0 r\u00e9duire le stress li\u00e9 \u00e0 la pr\u00e9paration.<\/p>\n<p>L&#8217;objectif de <a href=\"https:\/\/journeyfairy.com\/\"><em>Journey Fairy<\/em><\/a> est de rendre les exp\u00e9riences de voyage pour chaque individu efficaces, amusantes, \u00e9conomiques et remplies des meilleures id\u00e9es d&#8217;itin\u00e9raires, de conseils et de recommandations pour une destination que vous aimerez s\u00fbrement aller avec vous-m\u00eame ou vos proches. Nous aimons \u00e9crire et partager un guide pour ceux qui souhaitent explorer les plus beaux endroits du monde.<\/p>\n<p><a href=\"https:\/\/journeyfairy.com\/\"><em>JourneyFairy.com<\/em><\/a> veut simplement votre voyage sans stress et g\u00e9nial !.<\/p>\n<p>&nbsp;<\/p>\n<p style=\"text-align: center;\">This website is managed and owned by: <strong><a href=\"https:\/\/hattradedesk.com\/\" target=\"_blank\" rel=\"noopener\">Hat SRL<\/a><br \/>\nHat Trade Desk<br \/>\n<\/strong>\u00a0Partita IVA: 02336070681 &#8211; VIA LUNGATERNO SUD 52, 65127 PESCARA PE<br \/>\n<a href=\"https:\/\/hattradedesk.com\/\" target=\"_blank\" rel=\"noopener\">hattradedesk.com<\/a><br \/>\nhattradedesk@gmail.com<\/p>\n","protected":false},"excerpt":{"rendered":"<p>Journey Fairy &#8211; Voyage, vacances, aventure et \u00e9vasion urbaine sans tracas. Journey Fairy vise \u00e0 vous inspirer pour rendre votre aventure de voyage, vos vacances de r\u00eave, votre escapade en&hellip;<\/p>\n","protected":false},"author":1,"featured_media":0,"parent":0,"menu_order":0,"comment_status":"closed","ping_status":"closed","template":"","meta":{"footnotes":""},"class_list":["post-21","page","type-page","status-publish"],"_links":{"self":[{"href":"https:\/\/journeyfairy.com\/fr\/wp-json\/wp\/v2\/pages\/21","targetHints":{"allow":["GET"]}}],"collection":[{"href":"https:\/\/journeyfairy.com\/fr\/wp-json\/wp\/v2\/pages"}],"about":[{"href":"https:\/\/journeyfairy.com\/fr\/wp-json\/wp\/v2\/types\/page"}],"author":[{"embeddable":true,"href":"https:\/\/journeyfairy.com\/fr\/wp-json\/wp\/v2\/users\/1"}],"replies":[{"embeddable":true,"href":"https:\/\/journeyfairy.com\/fr\/wp-json\/wp\/v2\/comments?post=21"}],"version-history":[{"count":4,"href":"https:\/\/journeyfairy.com\/fr\/wp-json\/wp\/v2\/pages\/21\/revisions"}],"predecessor-version":[{"id":434,"href":"https:\/\/journeyfairy.com\/fr\/wp-json\/wp\/v2\/pages\/21\/revisions\/434"}],"wp:attachment":[{"href":"https:\/\/journeyfairy.com\/fr\/wp-json\/wp\/v2\/media?parent=21"}],"curies":[{"name":"wp","href":"https:\/\/api.w.org\/{rel}","templated":true}]}}