{"id":21,"date":"2022-02-02T11:03:46","date_gmt":"2022-02-02T11:03:46","guid":{"rendered":"https:\/\/journeyfairy.com\/?page_id=21"},"modified":"2024-11-23T11:57:53","modified_gmt":"2024-11-23T11:57:53","slug":"about-us","status":"publish","type":"page","link":"https:\/\/journeyfairy.com\/pl\/about-us\/","title":{"rendered":"O nas"},"content":{"rendered":"<blockquote><p><b><span class=\"\">JourneyFairy \u2013 Podr\u00f3\u017cuj, wakacje, przygoda i ucieczka z miasta w bezproblemowy spos\u00f3b.<\/span><\/b><\/p><\/blockquote>\n<p><a href=\"https:\/\/journeyfairy.com\" rel=\"\">Journey Fairy<\/a>\u00a0ma zainspirowa\u0107 Ci\u0119 do uczynienia Twojej\u00a0<strong><em>przygody z podr\u00f3\u017cami<\/em><\/strong>\u00a0,\u00a0<em><strong>wymarzonymi wakacjami<\/strong><\/em>\u00a0,\u00a0<em><strong>ucieczk\u0105 z miasta<\/strong><\/em>\u00a0bardziej zabawn\u0105 i ekscytuj\u0105c\u0105.\u00a0Dzi\u0119ki naszym artyku\u0142om na blogu mo\u017cemy da\u0107 Ci wgl\u0105d i sugestie dotycz\u0105ce tego, gdzie i kiedy odwiedzi\u0107 miejsce docelowe, aby unikn\u0105\u0107 niepotrzebnych wynik\u00f3w, gdy ju\u017c tam jeste\u015b.\u00a0<span class=\"goog-text-highlight\">Gdziekolwiek si\u0119 wybierasz, je\u015bli planujesz wyjazd lub wakacje w dowolne miejsce, jeste\u015b we w\u0142a\u015bciwym miejscu.\u00a0<\/span>Jeste\u015bmy tutaj, aby udziela\u0107 przydatnych wskaz\u00f3wek dotycz\u0105cych podr\u00f3\u017cy i artyku\u0142\u00f3w przewodnich, kt\u00f3re pomog\u0105 Ci pozby\u0107 si\u0119 stresu zwi\u0105zanego z przygotowaniami.<\/p>\n<p><a href=\"https:\/\/journeyfairy.com\" rel=\"\"><strong>Celem Journey Fairy<\/strong><\/a>\u00a0jest sprawienie, aby podr\u00f3\u017ce dla ka\u017cdej osoby by\u0142y wydajne, zabawne, ekonomiczne i wype\u0142nione najlepszymi pomys\u0142ami na tras\u0119, wskaz\u00f3wkami i zaleceniami dotycz\u0105cymi miejsca docelowego, do kt\u00f3rego z pewno\u015bci\u0105 pokochasz podr\u00f3\u017c ze sob\u0105 lub z bliskimi.\u00a0Uwielbiamy pisa\u0107 i udost\u0119pnia\u0107 przewodnik dla os\u00f3b zainteresowanych odkrywaniem pi\u0119knych zak\u0105tk\u00f3w \u015bwiata.<\/p>\n<p><a href=\"https:\/\/journeyfairy.com\" rel=\"\"><em>JourneyFairy.com<\/em><\/a>\u00a0po prostu chce, aby Twoja podr\u00f3\u017c by\u0142a bezstresowa i niesamowita!.<\/p>\n<p>&nbsp;<\/p>\n<p style=\"text-align: center;\">This website is managed and owned by: <strong><a href=\"https:\/\/hattradedesk.com\/\" target=\"_blank\" rel=\"noopener\">Hat SRL<\/a><br \/>\nHat Trade Desk<br \/>\n<\/strong>\u00a0Partita IVA: 02336070681 &#8211; VIA LUNGATERNO SUD 52, 65127 PESCARA PE<br \/>\n<a href=\"https:\/\/hattradedesk.com\/\" target=\"_blank\" rel=\"noopener\">hattradedesk.com<\/a><br \/>\nhattradedesk@gmail.com<\/p>\n","protected":false},"excerpt":{"rendered":"<p>JourneyFairy \u2013 Podr\u00f3\u017cuj, wakacje, przygoda i ucieczka z miasta w bezproblemowy spos\u00f3b. Journey Fairy\u00a0ma zainspirowa\u0107 Ci\u0119 do uczynienia Twojej\u00a0przygody z podr\u00f3\u017cami\u00a0,\u00a0wymarzonymi wakacjami\u00a0,\u00a0ucieczk\u0105 z miasta\u00a0bardziej zabawn\u0105 i ekscytuj\u0105c\u0105.\u00a0Dzi\u0119ki naszym artyku\u0142om na&hellip;<\/p>\n","protected":false},"author":1,"featured_media":0,"parent":0,"menu_order":0,"comment_status":"closed","ping_status":"closed","template":"","meta":{"footnotes":""},"class_list":["post-21","page","type-page","status-publish"],"_links":{"self":[{"href":"https:\/\/journeyfairy.com\/pl\/wp-json\/wp\/v2\/pages\/21","targetHints":{"allow":["GET"]}}],"collection":[{"href":"https:\/\/journeyfairy.com\/pl\/wp-json\/wp\/v2\/pages"}],"about":[{"href":"https:\/\/journeyfairy.com\/pl\/wp-json\/wp\/v2\/types\/page"}],"author":[{"embeddable":true,"href":"https:\/\/journeyfairy.com\/pl\/wp-json\/wp\/v2\/users\/1"}],"replies":[{"embeddable":true,"href":"https:\/\/journeyfairy.com\/pl\/wp-json\/wp\/v2\/comments?post=21"}],"version-history":[{"count":3,"href":"https:\/\/journeyfairy.com\/pl\/wp-json\/wp\/v2\/pages\/21\/revisions"}],"predecessor-version":[{"id":494,"href":"https:\/\/journeyfairy.com\/pl\/wp-json\/wp\/v2\/pages\/21\/revisions\/494"}],"wp:attachment":[{"href":"https:\/\/journeyfairy.com\/pl\/wp-json\/wp\/v2\/media?parent=21"}],"curies":[{"name":"wp","href":"https:\/\/api.w.org\/{rel}","templated":true}]}}