{"id":21,"date":"2022-02-02T11:03:46","date_gmt":"2022-02-02T11:03:46","guid":{"rendered":"https:\/\/journeyfairy.com\/?page_id=21"},"modified":"2024-11-23T11:44:40","modified_gmt":"2024-11-23T11:44:40","slug":"about-us","status":"publish","type":"page","link":"https:\/\/journeyfairy.com\/tr\/about-us\/","title":{"rendered":"Bizim Hakk\u0131m\u0131zda"},"content":{"rendered":"<blockquote>\n<p style=\"text-align: center;\"><strong>Journey Fairy &#8211; Sorunsuz bir \u015fekilde Seyahat, Tatil, Macera ve \u015eehirden Ka\u00e7\u0131\u015f.<\/strong><\/p>\n<\/blockquote>\n<p><a href=\"https:\/\/journeyfairy.com\/\"><strong>Journey Fairy<\/strong><\/a>, <em><strong>seyahat maceran\u0131z\u0131<\/strong><\/em>, <em><strong>hayalinizdeki tatili<\/strong><\/em>, <em><strong>\u015fehir ka\u00e7\u0131\u015f\u0131n\u0131z\u0131 daha e\u011flenceli<\/strong><\/em> ve heyecanl\u0131 hale getirmeniz i\u00e7in size ilham vermeyi ama\u00e7l\u0131yor. Blog makalelerimizle, zaten oradayken gereksiz sonu\u00e7lardan ka\u00e7\u0131nmak i\u00e7in bir var\u0131\u015f yerini nerede ve ne zaman ziyaret etmeniz gerekti\u011fi konusunda size fikir ve \u00f6neriler verebiliriz. Nereye giderseniz gidin, herhangi bir yere seyahat veya tatil yapmay\u0131 planl\u0131yorsan\u0131z do\u011fru yerdesiniz. Haz\u0131rlanman\u0131n stresini \u00fczerinizden atman\u0131za yard\u0131mc\u0131 olabilecek faydal\u0131 seyahat ipu\u00e7lar\u0131 ve rehber makaleler sunmak i\u00e7in buraday\u0131z.<\/p>\n<p><a href=\"https:\/\/journeyfairy.com\/\"><strong>Journey Fairy<\/strong><\/a>&#8216;nin amac\u0131, her bireyin verimli, e\u011flenceli, ekonomik ve kendinizle veya sevdiklerinizle gitmeyi kesinlikle sevece\u011finiz bir destinasyon i\u00e7in en iyi g\u00fczergah fikirleri, ipu\u00e7lar\u0131 ve tavsiyelerle dolu seyahat deneyimleri ya\u015fatmakt\u0131r. D\u00fcnyan\u0131n g\u00fczel yerlerini ke\u015ffetmek isteyenler i\u00e7in bir rehber yazmay\u0131 ve payla\u015fmay\u0131 seviyoruz.<\/p>\n<p><a href=\"https:\/\/journeyfairy.com\/\"><em>JourneyFairy.com<\/em><\/a>, seyahatinizin stressiz ve harika olmas\u0131n\u0131 istiyor!.<\/p>\n<p>&nbsp;<\/p>\n<p style=\"text-align: center;\">This website is managed and owned by: <strong><a href=\"https:\/\/hattradedesk.com\/\" target=\"_blank\" rel=\"noopener\">Hat SRL<\/a><br \/>\nHat Trade Desk<br \/>\n<\/strong>\u00a0Partita IVA: 02336070681 &#8211; VIA LUNGATERNO SUD 52, 65127 PESCARA PE<br \/>\n<a href=\"https:\/\/hattradedesk.com\/\" target=\"_blank\" rel=\"noopener\">hattradedesk.com<\/a><br \/>\nhattradedesk@gmail.com<\/p>\n","protected":false},"excerpt":{"rendered":"<p>Journey Fairy &#8211; Sorunsuz bir \u015fekilde Seyahat, Tatil, Macera ve \u015eehirden Ka\u00e7\u0131\u015f. Journey Fairy, seyahat maceran\u0131z\u0131, hayalinizdeki tatili, \u015fehir ka\u00e7\u0131\u015f\u0131n\u0131z\u0131 daha e\u011flenceli ve heyecanl\u0131 hale getirmeniz i\u00e7in size ilham vermeyi&hellip;<\/p>\n","protected":false},"author":1,"featured_media":0,"parent":0,"menu_order":0,"comment_status":"closed","ping_status":"closed","template":"","meta":{"footnotes":""},"class_list":["post-21","page","type-page","status-publish"],"_links":{"self":[{"href":"https:\/\/journeyfairy.com\/tr\/wp-json\/wp\/v2\/pages\/21","targetHints":{"allow":["GET"]}}],"collection":[{"href":"https:\/\/journeyfairy.com\/tr\/wp-json\/wp\/v2\/pages"}],"about":[{"href":"https:\/\/journeyfairy.com\/tr\/wp-json\/wp\/v2\/types\/page"}],"author":[{"embeddable":true,"href":"https:\/\/journeyfairy.com\/tr\/wp-json\/wp\/v2\/users\/1"}],"replies":[{"embeddable":true,"href":"https:\/\/journeyfairy.com\/tr\/wp-json\/wp\/v2\/comments?post=21"}],"version-history":[{"count":7,"href":"https:\/\/journeyfairy.com\/tr\/wp-json\/wp\/v2\/pages\/21\/revisions"}],"predecessor-version":[{"id":419,"href":"https:\/\/journeyfairy.com\/tr\/wp-json\/wp\/v2\/pages\/21\/revisions\/419"}],"wp:attachment":[{"href":"https:\/\/journeyfairy.com\/tr\/wp-json\/wp\/v2\/media?parent=21"}],"curies":[{"name":"wp","href":"https:\/\/api.w.org\/{rel}","templated":true}]}}